{"id":730,"date":"2020-10-04T00:28:08","date_gmt":"2020-10-04T00:28:08","guid":{"rendered":"http:\/\/humanenvironments.org\/sphere\/?page_id=730"},"modified":"2024-06-28T19:26:35","modified_gmt":"2024-06-28T19:26:35","slug":"zona_de_aislamiento","status":"publish","type":"page","link":"https:\/\/humanenvironments.org\/sphere\/zona_de_aislamiento\/","title":{"rendered":"Zona de aislamiento en casa"},"content":{"rendered":"<p>[et_pb_section fb_built=&#8221;1&#8243; _builder_version=&#8221;4.4.1&#8243; custom_margin=&#8221;0px|0px|0px|0px|true|true&#8221; custom_padding=&#8221;0px|0px|0px|0px|true|true&#8221;][et_pb_row column_structure=&#8221;3_5,2_5&#8243; _builder_version=&#8221;4.4.3&#8243;][et_pb_column type=&#8221;3_5&#8243; _builder_version=&#8221;4.4.1&#8243;][et_pb_text admin_label=&#8221;SPHERE Videos Text&#8221; _builder_version=&#8221;4.4.3&#8243; text_line_height=&#8221;1.8em&#8221; header_font=&#8221;El Messiri||||||||&#8221; header_text_color=&#8221;#008000&#8243; header_font_size=&#8221;54px&#8221; custom_padding=&#8221;50px|||||&#8221;]<\/p>\n<h1 style=\"text-align: left;\">Zona de aislamiento en casa<\/h1>\n<p>[\/et_pb_text][et_pb_button button_url=&#8221;https:\/\/humanenvironments.org\/sphere\/Documents\/Zona_de_aislamiento_v2.8.pdf&#8221; url_new_window=&#8221;on&#8221; button_text=&#8221;PDF (con fotos)&#8221; _builder_version=&#8221;4.4.3&#8243; hover_enabled=&#8221;0&#8243;][\/et_pb_button][et_pb_button button_url=&#8221;https:\/\/humanenvironments.org\/sphere\/Documents\/Zona_de_aislamiento_v2.8_SinFotos.pdf&#8221; url_new_window=&#8221;on&#8221; button_text=&#8221;PDF (sin fotos)&#8221; _builder_version=&#8221;4.4.3&#8243; hover_enabled=&#8221;0&#8243;][\/et_pb_button][\/et_pb_column][et_pb_column type=&#8221;2_5&#8243; _builder_version=&#8221;4.4.3&#8243;][et_pb_image src=&#8221;https:\/\/humanenvironments.org\/spherewp-content\/uploads\/2020\/07\/SPHERE_Logo3_PicOnly_sm.png&#8221; _builder_version=&#8221;4.4.3&#8243; max_width=&#8221;74%&#8221;][\/et_pb_image][et_pb_image src=&#8221;http:\/\/humanenvironments.org\/wp-content\/uploads\/2020\/03\/logo_only-1.jpg&#8221; align=&#8221;center&#8221; _builder_version=&#8221;4.4.3&#8243; width=&#8221;45%&#8221;][\/et_pb_image][\/et_pb_column][\/et_pb_row][\/et_pb_section][et_pb_section fb_built=&#8221;1&#8243; inner_shadow=&#8221;on&#8221; _builder_version=&#8221;4.4.1&#8243; custom_padding=&#8221;12px||12px||false|false&#8221;][et_pb_row _builder_version=&#8221;4.4.1&#8243; custom_padding=&#8221;1px||1px||false|false&#8221;][et_pb_column type=&#8221;4_4&#8243; _builder_version=&#8221;4.4.1&#8243;][et_pb_text _builder_version=&#8221;4.4.3&#8243; header_font=&#8221;El Messiri||||||||&#8221; header_text_color=&#8221;#008000&#8243; header_font_size=&#8221;24px&#8221;]<\/p>\n<p><span>Algunas enfermedades son transmitidas por peque\u00f1as part\u00edculas que se desplazan en el aire. Si una persona en su casa est\u00e1 enferma, es posible que le preocupe el aire que respira el resto de las personas en ella. Usted puede crear una zona de aislamiento dentro de su casa, reduciendo la conexi\u00f3n de aire entre ese espacio y el resto de la casa y ventilando ese espacio hacia el exterior. La zona de aislamiento se basa en el simple principio de que el aire fluye de alta presi\u00f3n a baja presi\u00f3n. El objetivo es disminuir la presi\u00f3n en la zona de aislamiento en comparaci\u00f3n con el resto de la casa, y luego ventilar ese espacio hacia el exterior, sin permitir que nada de su aire ingrese a la casa.<\/span><\/p>\n<p><em>Algunos de los componentes de la casa descritos aqu\u00ed se muestran en las fotos en el PDF.<\/em><\/p>\n<p>[\/et_pb_text][\/et_pb_column][\/et_pb_row][\/et_pb_section][et_pb_section fb_built=&#8221;1&#8243; inner_shadow=&#8221;on&#8221; _builder_version=&#8221;4.4.1&#8243; background_color=&#8221;#f9f9f9&#8243; custom_padding=&#8221;||21px|||&#8221;][et_pb_row _builder_version=&#8221;4.4.1&#8243; min_height=&#8221;259px&#8221; custom_padding=&#8221;0px||0px||false|false&#8221;][et_pb_column type=&#8221;4_4&#8243; _builder_version=&#8221;4.4.1&#8243;][et_pb_text _builder_version=&#8221;4.4.3&#8243; header_font=&#8221;El Messiri||||||||&#8221; header_text_color=&#8221;#008000&#8243; header_font_size=&#8221;24px&#8221; custom_padding=&#8221;1px||1px||false|false&#8221;]<\/p>\n<h1>1) Separe una habitaci\u00f3n.<\/h1>\n<ul>\n<li><span>Elija la parte de la casa que desea usar como zona de aislamiento. <\/span><\/li>\n<li><span>Mantenga las puertas cerradas entre la zona de aislamiento y el resto de la casa. <\/span><\/li>\n<li>Cierre los registros de suministro del sistema de aire acondicionado central y las rejillas de retorno (Foto1) en la zona de aislamiento, para que el aire de esa zona no se distribuya por toda la casa. Use cinta adhesiva o cinta pl\u00e1stica sobre los registros y las rejillas, adem\u00e1s de cerrar las celos\u00edas de ventilaci\u00f3n (Foto2).\u00a0Aseg\u00farese de seguir las pautas de protecci\u00f3n personal de los CDC al cerrar estos registros y rejillas.\n<ul>\n<li><span>Si NO tiene un sistema de aire acondicionado central, no tiene que hacer nada m\u00e1s. Por ejemplo, la calefacci\u00f3n de los radiadores est\u00e1 bien porque estos no distribuyen aire.<\/span><\/li>\n<\/ul>\n<\/li>\n<li><span>Los espacios debajo de las puertas pueden sellarse con la misma cinta usada para los respiraderos de calefacci\u00f3n o pueden taponarse con tela.<\/span><\/li>\n<\/ul>\n<p>[\/et_pb_text][\/et_pb_column][\/et_pb_row][\/et_pb_section][et_pb_section fb_built=&#8221;1&#8243; inner_shadow=&#8221;on&#8221; _builder_version=&#8221;4.4.1&#8243; background_color=&#8221;rgba(0,0,0,0)&#8221; min_height=&#8221;540px&#8221;][et_pb_row _builder_version=&#8221;4.4.1&#8243; custom_padding=&#8221;1px||1px||false|false&#8221;][et_pb_column type=&#8221;4_4&#8243; _builder_version=&#8221;4.4.1&#8243;][et_pb_text _builder_version=&#8221;4.4.3&#8243; header_font=&#8221;El Messiri||||||||&#8221; header_text_color=&#8221;#008000&#8243; header_font_size=&#8221;24px&#8221;]<\/p>\n<h1>2) EXPULSE el aire de la zona de aislamiento hacia el exterior.<\/h1>\n<ul>\n<li><span>Encienda los extractores, como los ventiladores de ba\u00f1o, en la zona de aislamiento. Esto reducir\u00e1 la presi\u00f3n en esa zona.<\/span><\/li>\n<li><span>NO aumente la ventilaci\u00f3n de los extractores, como los ventiladores de ba\u00f1o y cocina, en otras partes de la casa (excepto cuando est\u00e9 cocinando o ba\u00f1\u00e1ndose). Esos ventiladores reducen la presi\u00f3n en el resto de la casa y captan el aire de la zona de aislamiento. <\/span><\/li>\n<li><span>Agregue m\u00e1s ventilaci\u00f3n de los extractores a la habitaci\u00f3n. Los extractores est\u00e1ndar no mueven suficiente aire para controlar la presi\u00f3n, por lo tanto, monte un ventilador de caja en la ventana, soplando hacia afuera, y selle el resto de la abertura de la ventana con pl\u00e1stico o cart\u00f3n.<\/span><\/li>\n<\/ul>\n<p>[\/et_pb_text][\/et_pb_column][\/et_pb_row][et_pb_row column_structure=&#8221;1_2,1_2&#8243; _builder_version=&#8221;4.4.3&#8243; min_height=&#8221;332px&#8221; custom_padding=&#8221;||0px|||&#8221;][et_pb_column type=&#8221;1_2&#8243; _builder_version=&#8221;4.4.1&#8243;][et_pb_image src=&#8221;https:\/\/humanenvironments.org\/spherewp-content\/uploads\/2020\/10\/Zona_de_aislamiento-scaled.jpg&#8221; _builder_version=&#8221;4.4.3&#8243;][\/et_pb_image][\/et_pb_column][et_pb_column type=&#8221;1_2&#8243; _builder_version=&#8221;4.4.3&#8243;][et_pb_text _builder_version=&#8221;4.4.3&#8243; text_font=&#8221;||on||||||&#8221; text_font_size=&#8221;14px&#8221;]<\/p>\n<p>\u00a0<em>Creaci\u00f3n de una <strong>zona de aislamiento<\/strong>, marcada con bordes en negrita. Las flechas rojas muestran el aire expulsado de la zona de aislamiento hacia el exterior, usando un ventilador de caja. Los extractores de ba\u00f1o y otros extractores en la zona tambi\u00e9n deben estar encendidos. Las flechas grises muestran c\u00f3mo se mover\u00e1 el aire del resto de la casa hacia la zona de aislamiento, atra\u00eddo por la baja presi\u00f3n en la zona.<\/em><\/p>\n<p>[\/et_pb_text][\/et_pb_column][\/et_pb_row][\/et_pb_section][et_pb_section fb_built=&#8221;1&#8243; inner_shadow=&#8221;on&#8221; _builder_version=&#8221;4.4.1&#8243; background_color=&#8221;#f9f9f9&#8243; custom_padding=&#8221;||0px|||&#8221;][et_pb_row _builder_version=&#8221;4.4.1&#8243; custom_padding=&#8221;1px||1px||false|false&#8221;][et_pb_column type=&#8221;4_4&#8243; _builder_version=&#8221;4.4.1&#8243;][et_pb_text _builder_version=&#8221;4.4.3&#8243; header_font=&#8221;El Messiri||||||||&#8221; header_text_color=&#8221;#008000&#8243; header_font_size=&#8221;24px&#8221;]<\/p>\n<h1>3) Mantenga al ocupante c\u00f3modo.<\/h1>\n<ul>\n<li><span>Una habitaci\u00f3n con ba\u00f1o es lo ideal, si est\u00e1 disponible. Si no es as\u00ed, elija la habitaci\u00f3n con el camino m\u00e1s corto al ba\u00f1o. <\/span><\/li>\n<li><span>Si ha apagado la calefacci\u00f3n central o el aire acondicionado, debe considerar fuentes alternativas de acondicionamiento de espacios para la zona de aislamiento. <\/span>\n<ul>\n<li><span>Si usa calefactores port\u00e1tiles, tenga cuidado de usar solo modelos que se apaguen si se vuelcan, y mantenga todos los materiales inflamables lejos de ellos.<\/span><\/li>\n<li><span>Puede usar aparatos de aire acondicionado port\u00e1tiles o de ventana para refrescar el ambiente. Los aparatos de aire acondicionado port\u00e1tiles tienen un conducto que puede instalarse en una ventana para eliminar el calor de la habitaci\u00f3n.<\/span><\/li>\n<\/ul>\n<\/li>\n<\/ul>\n<p>[\/et_pb_text][\/et_pb_column][\/et_pb_row][\/et_pb_section][et_pb_section fb_built=&#8221;1&#8243; inner_shadow=&#8221;on&#8221; admin_label=&#8221;Interacting&#8221; _builder_version=&#8221;4.4.3&#8243; background_color=&#8221;rgba(0,0,0,0)&#8221; custom_padding=&#8221;||0px|||&#8221;][et_pb_row _builder_version=&#8221;4.4.1&#8243; custom_padding=&#8221;1px||1px||false|false&#8221;][et_pb_column type=&#8221;4_4&#8243; _builder_version=&#8221;4.4.1&#8243;][et_pb_text _builder_version=&#8221;4.4.3&#8243; header_font=&#8221;El Messiri||||||||&#8221; header_text_color=&#8221;#008000&#8243; header_font_size=&#8221;24px&#8221;]<\/p>\n<h1>Interacci\u00f3n fuera de la zona de aislamiento<\/h1>\n<p><span>Las personas enfermas pueden necesitar salir de la zona de aislamiento para comer, usar el ba\u00f1o o simplemente por razones de salud. En esas ocasiones, la separaci\u00f3n del resto de la casa se romper\u00e1. Aqu\u00ed hay algunas ideas para mantener el resto de la casa lo m\u00e1s seguro posible.<\/span><\/p>\n<ul>\n<li><span>Incluso cuando la persona enferma no se encuentre en la zona de aislamiento, cierre la puerta y deje encendidos los extractores de la zona de aislamiento.<\/span><\/li>\n<li><span>Cuando una persona enferma tiene que interactuar directamente con los dem\u00e1s, se deben usar mascarillas.<\/span><\/li>\n<li><span>Cuando alguien m\u00e1s tiene que ingresar a un espacio donde la persona enferma ha estado recientemente, como el ba\u00f1o o la cocina, se deben limpiar primero las superficies.<\/span><\/li>\n<\/ul>\n<p>[\/et_pb_text][\/et_pb_column][\/et_pb_row][et_pb_row _builder_version=&#8221;4.4.1&#8243;][et_pb_column type=&#8221;4_4&#8243; _builder_version=&#8221;4.4.1&#8243;][et_pb_text _builder_version=&#8221;4.4.3&#8243; text_font_size=&#8221;16px&#8221;]<\/p>\n<p><em>La zona de aislamiento est\u00e1 dise\u00f1ada para aislar a las personas enfermas del resto de la casa. Es probable que el aire del resto de la casa se desplace hacia la zona de aislamiento. Si desea aislar a una persona vulnerable de las personas que podr\u00edan ser infecciosas en el resto de la casa, consulte <a href=\"https:\/\/humanenvironments.org\/spherezona_protegida\">\u201cLa zona protegida\u201d<\/a>. <\/em><\/p>\n<p>[\/et_pb_text][et_pb_text _builder_version=&#8221;4.4.3&#8243; text_font_size=&#8221;16px&#8221; border_radii=&#8221;on|10px|10px|10px|10px&#8221; border_width_all=&#8221;1px&#8221; border_color_all=&#8221;#000000&#8243;]<\/p>\n<p><strong>Descargo de responsabilidad<\/strong>: La zona de aislamiento reduce la probabilidad de transmisi\u00f3n por aire de la zona de aislamiento al resto de la casa. Ninguna acci\u00f3n individual puede garantizar que las personas no se infectar\u00e1n. La informaci\u00f3n proporcionada aqu\u00ed tiene como objetivo complementar, no reemplazar, las recomendaciones de los CDC. Debe seguir todas las pautas de CDC sobre usar mascarillas y guantes, lavarse las manos y limpiar las superficies rigurosamente. <\/p>\n<p>[\/et_pb_text][\/et_pb_column][\/et_pb_row][\/et_pb_section][et_pb_section fb_built=&#8221;1&#8243; inner_shadow=&#8221;on&#8221; _builder_version=&#8221;4.4.1&#8243; background_color=&#8221;rgba(0,0,0,0)&#8221;][et_pb_row _builder_version=&#8221;4.4.1&#8243; custom_padding=&#8221;1px||1px||false|false&#8221;][et_pb_column type=&#8221;4_4&#8243; _builder_version=&#8221;4.4.1&#8243;][et_pb_text _builder_version=&#8221;4.4.3&#8243; text_font_size=&#8221;16px&#8221; header_font=&#8221;El Messiri||||||||&#8221; header_text_color=&#8221;#008000&#8243; header_font_size=&#8221;24px&#8221;]<\/p>\n<p><em>Paul Francisco es investigador e instructor en Investigaci\u00f3n y Capacitaci\u00f3n sobre el Clima en Interiores (University of Illinois) y el Instituto de Energ\u00eda (Colorado State University). \u00c9l ense\u00f1a Casas Saludables a profesionales y ha presidido los Comit\u00e9s de Normas de Ventilaci\u00f3n Residencial (62.2), Salud Ambiental y Edificios Residenciales de ASHRAE. <\/em><\/p>\n<p><em>\u00a0<\/em><em>Eddie Ortiz de la Asociaci\u00f3n de Desarrollo Econ\u00f3mico y de la Comunidad (CEDA) revis\u00f3 la traducci\u00f3n.<\/em><em><br \/> <\/em><\/p>\n<p>[\/et_pb_text][\/et_pb_column][\/et_pb_row][\/et_pb_section]<\/p>\n","protected":false},"excerpt":{"rendered":"<p>[et_pb_section fb_built=&#8221;1&#8243; _builder_version=&#8221;4.4.1&#8243; custom_margin=&#8221;0px|0px|0px|0px|true|true&#8221; custom_padding=&#8221;0px|0px|0px|0px|true|true&#8221;][et_pb_row column_structure=&#8221;3_5,2_5&#8243; _builder_version=&#8221;4.4.3&#8243;][et_pb_column type=&#8221;3_5&#8243; _builder_version=&#8221;4.4.1&#8243;][et_pb_text admin_label=&#8221;SPHERE Videos Text&#8221; _builder_version=&#8221;4.4.3&#8243; text_line_height=&#8221;1.8em&#8221; header_font=&#8221;El Messiri||||||||&#8221; header_text_color=&#8221;#008000&#8243; header_font_size=&#8221;54px&#8221; custom_padding=&#8221;50px|||||&#8221;] Zona de aislamiento en casa [\/et_pb_text][et_pb_button button_url=&#8221;https:\/\/humanenvironments.org\/sphere\/Documents\/Zona_de_aislamiento_v2.8.pdf&#8221; url_new_window=&#8221;on&#8221; button_text=&#8221;PDF (con fotos)&#8221; _builder_version=&#8221;4.4.3&#8243; hover_enabled=&#8221;0&#8243;][\/et_pb_button][et_pb_button button_url=&#8221;https:\/\/humanenvironments.org\/sphere\/Documents\/Zona_de_aislamiento_v2.8_SinFotos.pdf&#8221; url_new_window=&#8221;on&#8221; button_text=&#8221;PDF (sin fotos)&#8221; _builder_version=&#8221;4.4.3&#8243; hover_enabled=&#8221;0&#8243;][\/et_pb_button][\/et_pb_column][et_pb_column type=&#8221;2_5&#8243; _builder_version=&#8221;4.4.3&#8243;][et_pb_image src=&#8221;https:\/\/humanenvironments.org\/spherewp-content\/uploads\/2020\/07\/SPHERE_Logo3_PicOnly_sm.png&#8221; _builder_version=&#8221;4.4.3&#8243; max_width=&#8221;74%&#8221;][\/et_pb_image][et_pb_image src=&#8221;http:\/\/humanenvironments.org\/wp-content\/uploads\/2020\/03\/logo_only-1.jpg&#8221; align=&#8221;center&#8221; _builder_version=&#8221;4.4.3&#8243; width=&#8221;45%&#8221;][\/et_pb_image][\/et_pb_column][\/et_pb_row][\/et_pb_section][et_pb_section fb_built=&#8221;1&#8243; inner_shadow=&#8221;on&#8221; _builder_version=&#8221;4.4.1&#8243; custom_padding=&#8221;12px||12px||false|false&#8221;][et_pb_row _builder_version=&#8221;4.4.1&#8243; custom_padding=&#8221;1px||1px||false|false&#8221;][et_pb_column type=&#8221;4_4&#8243; [&hellip;]<\/p>\n","protected":false},"author":1,"featured_media":276,"parent":0,"menu_order":0,"comment_status":"closed","ping_status":"closed","template":"","meta":{"nf_dc_page":"","_et_pb_use_builder":"on","_et_pb_old_content":"","_et_gb_content_width":"","_monsterinsights_skip_tracking":false,"_monsterinsights_sitenote_active":false,"_monsterinsights_sitenote_note":"","_monsterinsights_sitenote_category":0,"footnotes":""},"class_list":["post-730","page","type-page","status-publish","has-post-thumbnail","hentry"],"_links":{"self":[{"href":"https:\/\/humanenvironments.org\/sphere\/wp-json\/wp\/v2\/pages\/730","targetHints":{"allow":["GET"]}}],"collection":[{"href":"https:\/\/humanenvironments.org\/sphere\/wp-json\/wp\/v2\/pages"}],"about":[{"href":"https:\/\/humanenvironments.org\/sphere\/wp-json\/wp\/v2\/types\/page"}],"author":[{"embeddable":true,"href":"https:\/\/humanenvironments.org\/sphere\/wp-json\/wp\/v2\/users\/1"}],"replies":[{"embeddable":true,"href":"https:\/\/humanenvironments.org\/sphere\/wp-json\/wp\/v2\/comments?post=730"}],"version-history":[{"count":5,"href":"https:\/\/humanenvironments.org\/sphere\/wp-json\/wp\/v2\/pages\/730\/revisions"}],"predecessor-version":[{"id":888,"href":"https:\/\/humanenvironments.org\/sphere\/wp-json\/wp\/v2\/pages\/730\/revisions\/888"}],"wp:featuredmedia":[{"embeddable":true,"href":"https:\/\/humanenvironments.org\/sphere\/wp-json\/wp\/v2\/media\/276"}],"wp:attachment":[{"href":"https:\/\/humanenvironments.org\/sphere\/wp-json\/wp\/v2\/media?parent=730"}],"curies":[{"name":"wp","href":"https:\/\/api.w.org\/{rel}","templated":true}]}}