{"id":694,"date":"2020-10-03T15:15:02","date_gmt":"2020-10-03T15:15:02","guid":{"rendered":"http:\/\/humanenvironments.org\/sphere\/?page_id=694"},"modified":"2024-06-28T19:27:26","modified_gmt":"2024-06-28T19:27:26","slug":"zona_protegida","status":"publish","type":"page","link":"https:\/\/humanenvironments.org\/sphere\/zona_protegida\/","title":{"rendered":"Zona protegida en casa"},"content":{"rendered":"<p>[et_pb_section fb_built=&#8221;1&#8243; _builder_version=&#8221;4.4.1&#8243; custom_margin=&#8221;0px|0px|0px|0px|true|true&#8221; custom_padding=&#8221;0px|0px|0px|0px|true|true&#8221;][et_pb_row column_structure=&#8221;3_5,2_5&#8243; _builder_version=&#8221;4.4.3&#8243;][et_pb_column type=&#8221;3_5&#8243; _builder_version=&#8221;4.4.1&#8243;][et_pb_text admin_label=&#8221;SPHERE Videos Text&#8221; _builder_version=&#8221;4.4.3&#8243; text_line_height=&#8221;1.8em&#8221; header_font=&#8221;El Messiri||||||||&#8221; header_text_color=&#8221;#008000&#8243; header_font_size=&#8221;54px&#8221; custom_padding=&#8221;50px|||||&#8221;]<\/p>\n<h1 style=\"text-align: left;\">Zona protegida en casa<\/h1>\n<p>[\/et_pb_text][et_pb_button button_url=&#8221;https:\/\/hiwater.org\/sphere\/Documents\/ZonaProtegida_v1.2.pdf&#8221; url_new_window=&#8221;on&#8221; button_text=&#8221;PDF (con fotos)&#8221; _builder_version=&#8221;4.4.3&#8243; hover_enabled=&#8221;0&#8243;][\/et_pb_button][et_pb_button button_url=&#8221;https:\/\/hiwater.org\/sphere\/Documents\/ZonaProtegida_v1.2_SinFotos.pdf&#8221; url_new_window=&#8221;on&#8221; button_text=&#8221;PDF (sin fotos)&#8221; _builder_version=&#8221;4.4.3&#8243; hover_enabled=&#8221;0&#8243;][\/et_pb_button][\/et_pb_column][et_pb_column type=&#8221;2_5&#8243; _builder_version=&#8221;4.4.3&#8243;][et_pb_image src=&#8221;https:\/\/humanenvironments.org\/spherewp-content\/uploads\/2020\/07\/SPHERE_Logo3_PicOnly_sm.png&#8221; _builder_version=&#8221;4.4.3&#8243; max_width=&#8221;75%&#8221;][\/et_pb_image][et_pb_image src=&#8221;http:\/\/humanenvironments.org\/wp-content\/uploads\/2020\/03\/logo_only-1.jpg&#8221; align=&#8221;center&#8221; _builder_version=&#8221;4.4.3&#8243; width=&#8221;45%&#8221;][\/et_pb_image][\/et_pb_column][\/et_pb_row][\/et_pb_section][et_pb_section fb_built=&#8221;1&#8243; inner_shadow=&#8221;on&#8221; _builder_version=&#8221;4.4.1&#8243; custom_padding=&#8221;12px||12px||false|false&#8221;][et_pb_row _builder_version=&#8221;4.4.3&#8243; custom_padding=&#8221;1px||1px||false|false&#8221;][et_pb_column type=&#8221;4_4&#8243; _builder_version=&#8221;4.4.1&#8243;][et_pb_text _builder_version=&#8221;4.4.3&#8243; header_font=&#8221;El Messiri||||||||&#8221; header_text_color=&#8221;#008000&#8243; header_font_size=&#8221;24px&#8221;]<\/p>\n<p>Las personas vulnerables, especialmente las personas de la tercera edad y las personas con afecciones de salud preexistentes, son vulnerables a las enfermedades respiratorias, incluida la pandemia de COVID-19. Estas personas vulnerables a menudo viven con otras personas que circulan con la poblaci\u00f3n del exterior y pueden infectarse. Tambi\u00e9n pueden depender de personas que ingresan a sus casas para realizar servicios.<\/p>\n<p><span>Las enfermedades pueden ser transmitidas por peque\u00f1as part\u00edculas que se desplazan en el aire. Usted puede minimizar la cantidad de aire que se desplaza por el resto de la casa a una <em>zona protegida<\/em> reservada para personas vulnerables, usando barreras f\u00edsicas y ventilaci\u00f3n intencional. La zona protegida se basa en el simple principio de que el aire fluye de alta presi\u00f3n a baja presi\u00f3n. Por lo tanto, el objetivo es <em>aumentar<\/em> la presi\u00f3n en el espacio protegido en comparaci\u00f3n con el resto de la casa, de manera que los contaminantes del aire no se desplacen hacia la zona protegida.<\/span><\/p>\n<p><em>Algunos de los componentes de la casa descritos aqu\u00ed se muestran en fotos en el PDF.<\/em><\/p>\n<p>[\/et_pb_text][\/et_pb_column][\/et_pb_row][\/et_pb_section][et_pb_section fb_built=&#8221;1&#8243; inner_shadow=&#8221;on&#8221; _builder_version=&#8221;4.4.1&#8243; background_color=&#8221;#f9f9f9&#8243; custom_padding=&#8221;||21px|||&#8221;][et_pb_row _builder_version=&#8221;4.4.1&#8243; min_height=&#8221;259px&#8221; custom_padding=&#8221;0px||0px||false|false&#8221;][et_pb_column type=&#8221;4_4&#8243; _builder_version=&#8221;4.4.1&#8243;][et_pb_text _builder_version=&#8221;4.4.3&#8243; header_font=&#8221;El Messiri||||||||&#8221; header_text_color=&#8221;#008000&#8243; header_font_size=&#8221;24px&#8221; custom_padding=&#8221;1px||1px||false|false&#8221;]<\/p>\n<h1>1) Separe una habitaci\u00f3n.<\/h1>\n<ul>\n<li><span>Elija la parte de la casa que desea usar como zona protegida. <\/span><\/li>\n<li><span>Mantenga las puertas cerradas entre la zona protegida y el resto de la casa. <\/span><\/li>\n<li>Cierre los registros de suministro del sistema de aire acondicionado central y las rejillas de retorno en la zona protegida, para que el aire del resto de la casa no se distribuya a esa \u00e1rea. Use cinta adhesiva o cinta pl\u00e1stica sobre los registros y las rejillas, adem\u00e1s de cerrar las celos\u00edas de ventilaci\u00f3n. Aseg\u00farese de seguir las pautas de protecci\u00f3n personal de los CDC al cerrar estos registros y rejillas.\n<ul>\n<li><span>Si NO tiene un sistema de aire acondicionado central, no tiene que hacer nada m\u00e1s. Por ejemplo, la calefacci\u00f3n de los radiadores est\u00e1 bien porque estos no distribuyen aire.<\/span><\/li>\n<\/ul>\n<\/li>\n<li><span>Los espacios debajo de las puertas pueden sellarse con la misma cinta usada para los respiraderos de calefacci\u00f3n o pueden taponarse con tela.<\/span><\/li>\n<\/ul>\n<p>[\/et_pb_text][\/et_pb_column][\/et_pb_row][\/et_pb_section][et_pb_section fb_built=&#8221;1&#8243; inner_shadow=&#8221;on&#8221; _builder_version=&#8221;4.4.1&#8243; background_color=&#8221;rgba(0,0,0,0)&#8221; min_height=&#8221;540px&#8221;][et_pb_row _builder_version=&#8221;4.4.1&#8243; custom_padding=&#8221;1px||1px||false|false&#8221;][et_pb_column type=&#8221;4_4&#8243; _builder_version=&#8221;4.4.1&#8243;][et_pb_text _builder_version=&#8221;4.4.3&#8243; header_font=&#8221;El Messiri||||||||&#8221; header_text_color=&#8221;#008000&#8243; header_font_size=&#8221;24px&#8221;]<\/p>\n<h1>2) <strong>Haga que el aire del exterior INGRESE a la zona protegida, expulse el aire FUERA del resto de la casa.<\/strong><\/h1>\n<ul>\n<li><span>Suministre el aire del exterior a la habitaci\u00f3n. Monte un ventilador de caja en la ventana, soplando hacia adentro, y selle el resto de la abertura de la ventana con pl\u00e1stico o cart\u00f3n.<\/span><\/li>\n<li><span>ENCIENDA los extractores en el resto de la casa. Esto reducir\u00e1 la presi\u00f3n en el resto de la casa. Esto incluye ventiladores de ba\u00f1o, ventiladores de cocina, ventiladores de lavander\u00eda y cualquier otro ventilador que tome aire de la casa y lo expulse al exterior.<\/span><\/li>\n<li><span>NO use ventilaci\u00f3n de extractores, como ventiladores de ba\u00f1o, en la zona protegida.<\/span><\/li>\n<\/ul>\n<p>[\/et_pb_text][\/et_pb_column][\/et_pb_row][et_pb_row column_structure=&#8221;3_5,2_5&#8243; _builder_version=&#8221;4.4.1&#8243;][et_pb_column type=&#8221;3_5&#8243; _builder_version=&#8221;4.4.1&#8243;][et_pb_image src=&#8221;https:\/\/humanenvironments.org\/spherewp-content\/uploads\/2020\/07\/Sheltered_Zone1.0-scaled.jpg&#8221; force_fullwidth=&#8221;on&#8221; _builder_version=&#8221;4.4.3&#8243; max_height=&#8221;1000px&#8221;][\/et_pb_image][\/et_pb_column][et_pb_column type=&#8221;2_5&#8243; _builder_version=&#8221;4.4.1&#8243;][et_pb_text _builder_version=&#8221;4.4.3&#8243; text_font=&#8221;||on||||||&#8221; text_font_size=&#8221;14px&#8221;]<\/p>\n<p>&nbsp;<\/p>\n<p><em>Figura: Creaci\u00f3n de una <strong>zona protegida<\/strong>, marcada con bordes en negrita. Las flechas verdes muestran el aire empujado hacia la zona protegida desde el exterior con un ventilador grande. Las flechas rojas muestran el aire empujado hacia el exterior desde el resto de la casa, usando ventiladores de ba\u00f1o o cocina. Las flechas grises muestran c\u00f3mo se mover\u00e1 el aire desde la zona protegida hacia el resto de la casa, expulsado por la baja presi\u00f3n en la zona.<\/em><\/p>\n<p>[\/et_pb_text][\/et_pb_column][\/et_pb_row][\/et_pb_section][et_pb_section fb_built=&#8221;1&#8243; inner_shadow=&#8221;on&#8221; _builder_version=&#8221;4.4.1&#8243; background_color=&#8221;#f9f9f9&#8243; custom_padding=&#8221;||0px|||&#8221;][et_pb_row _builder_version=&#8221;4.4.3&#8243; custom_padding=&#8221;1px||1px||false|false&#8221;][et_pb_column type=&#8221;4_4&#8243; _builder_version=&#8221;4.4.1&#8243;][et_pb_text _builder_version=&#8221;4.4.3&#8243; header_font=&#8221;El Messiri||||||||&#8221; header_text_color=&#8221;#008000&#8243; header_font_size=&#8221;24px&#8221;]<\/p>\n<h1>3) Mantenga al ocupante c\u00f3modo.<\/h1>\n<ul>\n<li><span>Una habitaci\u00f3n con ba\u00f1o es lo ideal, si est\u00e1 disponible. Si no es as\u00ed, elija la habitaci\u00f3n con el camino m\u00e1s corto al ba\u00f1o. <\/span><\/li>\n<li><span>Es posible que deba considerar fuentes alternativas de calor o aire acondicionado para la zona protegida.<\/span>\n<ul>\n<li><span>Si usa calefactores port\u00e1tiles, solo use modelos que se apaguen si se vuelcan, y mantenga todos los materiales inflamables lejos de ellos.<\/span><\/li>\n<li><span>Para el aire acondicionado, puede usar aparatos de aire acondicionado port\u00e1tiles o de ventana. Los aparatos de aire acondicionado port\u00e1tiles tienen un conducto que puede instalarse en una ventana para eliminar el calor de la habitaci\u00f3n.<\/span><\/li>\n<\/ul>\n<\/li>\n<\/ul>\n<p>[\/et_pb_text][\/et_pb_column][\/et_pb_row][\/et_pb_section][et_pb_section fb_built=&#8221;1&#8243; inner_shadow=&#8221;on&#8221; admin_label=&#8221;Interacting&#8221; _builder_version=&#8221;4.4.3&#8243; background_color=&#8221;rgba(0,0,0,0)&#8221; custom_padding=&#8221;||0px|||&#8221;][et_pb_row _builder_version=&#8221;4.4.1&#8243; custom_padding=&#8221;1px||1px||false|false&#8221;][et_pb_column type=&#8221;4_4&#8243; _builder_version=&#8221;4.4.1&#8243;][et_pb_text _builder_version=&#8221;4.4.3&#8243; header_font=&#8221;El Messiri||||||||&#8221; header_text_color=&#8221;#008000&#8243; header_font_size=&#8221;24px&#8221;]<\/p>\n<h1>Interacci\u00f3n fuera de la zona protegida<\/h1>\n<p><span>Las personas vulnerables pueden necesitar salir de la zona protegida para comer, usar el ba\u00f1o o simplemente por razones de salud. En esas ocasiones, la separaci\u00f3n del resto de la casa se romper\u00e1. Aqu\u00ed hay algunas ideas para mantener a la persona vulnerable lo m\u00e1s segura posible.<\/span><\/p>\n<ul>\n<li><span>Cierre la puerta de la zona protegida incluso cuando la persona vulnerable est\u00e9 ausente para evitar que ingrese el aire del resto de la casa.<\/span><\/li>\n<li><span>Si alguien ingresa a la casa por un corto tiempo para brindar un servicio, espere una o dos horas despu\u00e9s de que se vaya para ingresar a la zona principal de la casa.<\/span><\/li>\n<li><span>Cuando una persona vulnerable tiene que interactuar directamente con los dem\u00e1s, se deben usar mascarillas.<\/span><\/li>\n<li><span>Cuando una persona vulnerable tiene que ingresar a un espacio donde otros han estado recientemente, como el ba\u00f1o o la cocina, se deben limpiar primero las superficies.<\/span><\/li>\n<\/ul>\n<p>[\/et_pb_text][\/et_pb_column][\/et_pb_row][et_pb_row _builder_version=&#8221;4.4.1&#8243;][et_pb_column type=&#8221;4_4&#8243; _builder_version=&#8221;4.4.1&#8243;][et_pb_text _builder_version=&#8221;4.4.3&#8243; text_font_size=&#8221;16px&#8221;]<\/p>\n<p><em>La zona protegida est\u00e1 dise\u00f1ada para aislar a las personas vulnerables del resto de la casa donde las personas pueden ser infecciosas. Es probable que el aire de la zona protegida se desplace hacia el resto de la casa. Si desea mantener a una persona enferma separada del resto de la casa, consulte <a href=\"https:\/\/humanenvironments.org\/spherezona_de_aislamiento\">\u201cLa zona de aislamiento\u201d<\/a>.<\/em><\/p>\n<p>[\/et_pb_text][et_pb_text _builder_version=&#8221;4.4.3&#8243; text_font_size=&#8221;16px&#8221; border_radii=&#8221;on|10px|10px|10px|10px&#8221; border_width_all=&#8221;1px&#8221; border_color_all=&#8221;#000000&#8243;]<\/p>\n<p><strong>Descargo de responsabilidad<\/strong>: Los procedimientos de la zona protegida reducen la probabilidad de transmisi\u00f3n por aire del resto de la casa a la zona protegida. Ninguna acci\u00f3n individual puede garantizar que las personas no se infectar\u00e1n. La informaci\u00f3n proporcionada aqu\u00ed tiene como objetivo complementar, no reemplazar, las recomendaciones de los CDC. Las recomendaciones de los CDC, como usar mascarillas y guantes, lavarse las manos y limpiar las superficies rigurosamente, son muy importantes para las personas vulnerables.<\/p>\n<p>[\/et_pb_text][\/et_pb_column][\/et_pb_row][\/et_pb_section][et_pb_section fb_built=&#8221;1&#8243; inner_shadow=&#8221;on&#8221; _builder_version=&#8221;4.4.1&#8243; background_color=&#8221;rgba(0,0,0,0)&#8221;][et_pb_row _builder_version=&#8221;4.4.1&#8243; custom_padding=&#8221;1px||1px||false|false&#8221;][et_pb_column type=&#8221;4_4&#8243; _builder_version=&#8221;4.4.1&#8243;][et_pb_text _builder_version=&#8221;4.4.3&#8243; text_font_size=&#8221;16px&#8221; header_font=&#8221;El Messiri||||||||&#8221; header_text_color=&#8221;#008000&#8243; header_font_size=&#8221;24px&#8221;]<\/p>\n<p><em>Paul Francisco es investigador e instructor en Investigaci\u00f3n y Capacitaci\u00f3n sobre el Clima en Interiores (University of Illinois) y el Instituto de Energ\u00eda (Colorado State University). \u00c9l ense\u00f1a Casas Saludables a profesionales y ha presidido los Comit\u00e9s de Normas de Ventilaci\u00f3n Residencial (62.2), Salud Ambiental y Edificios Residenciales de ASHRAE. <\/em><em><br \/> <\/em><\/p>\n<p><em>Eddie Ortiz de la Asociaci\u00f3n de Desarrollo Econ\u00f3mico y de la Comunidad (CEDA) revis\u00f3 la traducci\u00f3n.<\/em><em><br \/> <\/em><\/p>\n<p>[\/et_pb_text][\/et_pb_column][\/et_pb_row][\/et_pb_section]<\/p>\n","protected":false},"excerpt":{"rendered":"<p>[et_pb_section fb_built=&#8221;1&#8243; _builder_version=&#8221;4.4.1&#8243; custom_margin=&#8221;0px|0px|0px|0px|true|true&#8221; custom_padding=&#8221;0px|0px|0px|0px|true|true&#8221;][et_pb_row column_structure=&#8221;3_5,2_5&#8243; _builder_version=&#8221;4.4.3&#8243;][et_pb_column type=&#8221;3_5&#8243; _builder_version=&#8221;4.4.1&#8243;][et_pb_text admin_label=&#8221;SPHERE Videos Text&#8221; _builder_version=&#8221;4.4.3&#8243; text_line_height=&#8221;1.8em&#8221; header_font=&#8221;El Messiri||||||||&#8221; header_text_color=&#8221;#008000&#8243; header_font_size=&#8221;54px&#8221; custom_padding=&#8221;50px|||||&#8221;] Zona protegida en casa [\/et_pb_text][et_pb_button button_url=&#8221;https:\/\/hiwater.org\/sphere\/Documents\/ZonaProtegida_v1.2.pdf&#8221; url_new_window=&#8221;on&#8221; button_text=&#8221;PDF (con fotos)&#8221; _builder_version=&#8221;4.4.3&#8243; hover_enabled=&#8221;0&#8243;][\/et_pb_button][et_pb_button button_url=&#8221;https:\/\/hiwater.org\/sphere\/Documents\/ZonaProtegida_v1.2_SinFotos.pdf&#8221; url_new_window=&#8221;on&#8221; button_text=&#8221;PDF (sin fotos)&#8221; _builder_version=&#8221;4.4.3&#8243; hover_enabled=&#8221;0&#8243;][\/et_pb_button][\/et_pb_column][et_pb_column type=&#8221;2_5&#8243; _builder_version=&#8221;4.4.3&#8243;][et_pb_image src=&#8221;https:\/\/humanenvironments.org\/spherewp-content\/uploads\/2020\/07\/SPHERE_Logo3_PicOnly_sm.png&#8221; _builder_version=&#8221;4.4.3&#8243; max_width=&#8221;75%&#8221;][\/et_pb_image][et_pb_image src=&#8221;http:\/\/humanenvironments.org\/wp-content\/uploads\/2020\/03\/logo_only-1.jpg&#8221; align=&#8221;center&#8221; _builder_version=&#8221;4.4.3&#8243; width=&#8221;45%&#8221;][\/et_pb_image][\/et_pb_column][\/et_pb_row][\/et_pb_section][et_pb_section fb_built=&#8221;1&#8243; inner_shadow=&#8221;on&#8221; _builder_version=&#8221;4.4.1&#8243; custom_padding=&#8221;12px||12px||false|false&#8221;][et_pb_row _builder_version=&#8221;4.4.3&#8243; custom_padding=&#8221;1px||1px||false|false&#8221;][et_pb_column type=&#8221;4_4&#8243; _builder_version=&#8221;4.4.1&#8243;][et_pb_text [&hellip;]<\/p>\n","protected":false},"author":1,"featured_media":724,"parent":0,"menu_order":0,"comment_status":"closed","ping_status":"closed","template":"","meta":{"nf_dc_page":"","_et_pb_use_builder":"on","_et_pb_old_content":"","_et_gb_content_width":"","_monsterinsights_skip_tracking":false,"_monsterinsights_sitenote_active":false,"_monsterinsights_sitenote_note":"","_monsterinsights_sitenote_category":0,"footnotes":""},"class_list":["post-694","page","type-page","status-publish","has-post-thumbnail","hentry"],"_links":{"self":[{"href":"https:\/\/humanenvironments.org\/sphere\/wp-json\/wp\/v2\/pages\/694","targetHints":{"allow":["GET"]}}],"collection":[{"href":"https:\/\/humanenvironments.org\/sphere\/wp-json\/wp\/v2\/pages"}],"about":[{"href":"https:\/\/humanenvironments.org\/sphere\/wp-json\/wp\/v2\/types\/page"}],"author":[{"embeddable":true,"href":"https:\/\/humanenvironments.org\/sphere\/wp-json\/wp\/v2\/users\/1"}],"replies":[{"embeddable":true,"href":"https:\/\/humanenvironments.org\/sphere\/wp-json\/wp\/v2\/comments?post=694"}],"version-history":[{"count":5,"href":"https:\/\/humanenvironments.org\/sphere\/wp-json\/wp\/v2\/pages\/694\/revisions"}],"predecessor-version":[{"id":890,"href":"https:\/\/humanenvironments.org\/sphere\/wp-json\/wp\/v2\/pages\/694\/revisions\/890"}],"wp:featuredmedia":[{"embeddable":true,"href":"https:\/\/humanenvironments.org\/sphere\/wp-json\/wp\/v2\/media\/724"}],"wp:attachment":[{"href":"https:\/\/humanenvironments.org\/sphere\/wp-json\/wp\/v2\/media?parent=694"}],"curies":[{"name":"wp","href":"https:\/\/api.w.org\/{rel}","templated":true}]}}